{"id":162,"date":"2019-02-28T15:28:22","date_gmt":"2019-02-28T14:28:22","guid":{"rendered":"http:\/\/147.83.54.19\/users\/pietro\/Quantum_Menorca_2019\/?page_id=162"},"modified":"2026-03-05T11:43:34","modified_gmt":"2026-03-05T11:43:34","slug":"poster","status":"publish","type":"page","link":"https:\/\/quantum-menorca-2026.upc.edu\/index.php\/poster\/","title":{"rendered":"Poster"},"content":{"rendered":"\n<div class=\"wp-block-group\"><div class=\"wp-block-group__inner-container is-layout-constrained wp-block-group-is-layout-constrained\">\n<div class=\"wp-block-columns is-layout-flex wp-container-core-columns-is-layout-9d6595d7 wp-block-columns-is-layout-flex\">\n<div class=\"wp-block-column is-vertically-aligned-bottom is-layout-flow wp-block-column-is-layout-flow\" style=\"flex-basis:100%\">\n<div data-wp-interactive=\"core\/file\" class=\"wp-block-file\"><object data-wp-bind--hidden=\"!state.hasPdfPreview\" hidden class=\"wp-block-file__embed\" data=\"https:\/\/quantum-menorca-2026.upc.edu\/wp-content\/uploads\/2026\/03\/poster-Quantum-Menorca.pdf\" type=\"application\/pdf\" style=\"width:100%;height:600px\" aria-label=\"Embed of Conference poster.\"><\/object><a id=\"wp-block-file--media-54b3f05c-b6ac-4f33-a5d1-57a598b47199\" href=\"https:\/\/quantum-menorca-2026.upc.edu\/wp-content\/uploads\/2026\/03\/poster-Quantum-Menorca.pdf\">Conference poster<\/a><a href=\"https:\/\/quantum-menorca-2026.upc.edu\/wp-content\/uploads\/2026\/03\/poster-Quantum-Menorca.pdf\" class=\"wp-block-file__button wp-element-button\" download aria-describedby=\"wp-block-file--media-54b3f05c-b6ac-4f33-a5d1-57a598b47199\">Download<\/a><\/div>\n<\/div>\n<\/div>\n<\/div><\/div>\n\n\n\n<p><\/p>\n","protected":false},"excerpt":{"rendered":"","protected":false},"author":2,"featured_media":0,"parent":0,"menu_order":0,"comment_status":"closed","ping_status":"closed","template":"","meta":{"footnotes":""},"class_list":["post-162","page","type-page","status-publish","hentry"],"yoast_head":"<!-- This site is optimized with the Yoast SEO plugin v26.9 - https:\/\/yoast.com\/product\/yoast-seo-wordpress\/ -->\n<title>Poster - XLI Trobades Cient\u00edfiques de la Mediterr\u00e0nia-Josep Miquel Vidal<\/title>\n<meta name=\"robots\" content=\"index, follow, max-snippet:-1, max-image-preview:large, max-video-preview:-1\" \/>\n<link rel=\"canonical\" href=\"https:\/\/quantum-menorca-2026.upc.edu\/index.php\/poster\/\" \/>\n<meta property=\"og:locale\" content=\"en_GB\" \/>\n<meta property=\"og:type\" content=\"article\" \/>\n<meta property=\"og:title\" content=\"Poster - XLI Trobades Cient\u00edfiques de la Mediterr\u00e0nia-Josep Miquel Vidal\" \/>\n<meta property=\"og:url\" content=\"https:\/\/quantum-menorca-2026.upc.edu\/index.php\/poster\/\" \/>\n<meta property=\"og:site_name\" content=\"XLI Trobades Cient\u00edfiques de la Mediterr\u00e0nia-Josep Miquel Vidal\" \/>\n<meta property=\"article:modified_time\" content=\"2026-03-05T11:43:34+00:00\" \/>\n<meta name=\"twitter:card\" content=\"summary_large_image\" \/>\n<meta name=\"twitter:label1\" content=\"Estimated reading time\" \/>\n\t<meta name=\"twitter:data1\" content=\"1 minute\" \/>\n<script type=\"application\/ld+json\" class=\"yoast-schema-graph\">{\"@context\":\"https:\/\/schema.org\",\"@graph\":[{\"@type\":\"WebPage\",\"@id\":\"https:\/\/quantum-menorca-2026.upc.edu\/index.php\/poster\/\",\"url\":\"https:\/\/quantum-menorca-2026.upc.edu\/index.php\/poster\/\",\"name\":\"Poster - XLI Trobades Cient\u00edfiques de la Mediterr\u00e0nia-Josep Miquel Vidal\",\"isPartOf\":{\"@id\":\"https:\/\/quantum-menorca-2026.upc.edu\/#website\"},\"datePublished\":\"2019-02-28T14:28:22+00:00\",\"dateModified\":\"2026-03-05T11:43:34+00:00\",\"breadcrumb\":{\"@id\":\"https:\/\/quantum-menorca-2026.upc.edu\/index.php\/poster\/#breadcrumb\"},\"inLanguage\":\"en-GB\",\"potentialAction\":[{\"@type\":\"ReadAction\",\"target\":[\"https:\/\/quantum-menorca-2026.upc.edu\/index.php\/poster\/\"]}]},{\"@type\":\"BreadcrumbList\",\"@id\":\"https:\/\/quantum-menorca-2026.upc.edu\/index.php\/poster\/#breadcrumb\",\"itemListElement\":[{\"@type\":\"ListItem\",\"position\":1,\"name\":\"Portada\",\"item\":\"https:\/\/quantum-menorca-2026.upc.edu\/\"},{\"@type\":\"ListItem\",\"position\":2,\"name\":\"Poster\"}]},{\"@type\":\"WebSite\",\"@id\":\"https:\/\/quantum-menorca-2026.upc.edu\/#website\",\"url\":\"https:\/\/quantum-menorca-2026.upc.edu\/\",\"name\":\"XLI Trobades Cient\u00edfiques de la Mediterr\u00e0nia-Josep Miquel Vidal\",\"description\":\"10 - 12 June 2026 - Ma\u00f3 (Menorca, Spain)\",\"potentialAction\":[{\"@type\":\"SearchAction\",\"target\":{\"@type\":\"EntryPoint\",\"urlTemplate\":\"https:\/\/quantum-menorca-2026.upc.edu\/?s={search_term_string}\"},\"query-input\":{\"@type\":\"PropertyValueSpecification\",\"valueRequired\":true,\"valueName\":\"search_term_string\"}}],\"inLanguage\":\"en-GB\"}]}<\/script>\n<!-- \/ Yoast SEO plugin. -->","yoast_head_json":{"title":"Poster - XLI Trobades Cient\u00edfiques de la Mediterr\u00e0nia-Josep Miquel Vidal","robots":{"index":"index","follow":"follow","max-snippet":"max-snippet:-1","max-image-preview":"max-image-preview:large","max-video-preview":"max-video-preview:-1"},"canonical":"https:\/\/quantum-menorca-2026.upc.edu\/index.php\/poster\/","og_locale":"en_GB","og_type":"article","og_title":"Poster - XLI Trobades Cient\u00edfiques de la Mediterr\u00e0nia-Josep Miquel Vidal","og_url":"https:\/\/quantum-menorca-2026.upc.edu\/index.php\/poster\/","og_site_name":"XLI Trobades Cient\u00edfiques de la Mediterr\u00e0nia-Josep Miquel Vidal","article_modified_time":"2026-03-05T11:43:34+00:00","twitter_card":"summary_large_image","twitter_misc":{"Estimated reading time":"1 minute"},"schema":{"@context":"https:\/\/schema.org","@graph":[{"@type":"WebPage","@id":"https:\/\/quantum-menorca-2026.upc.edu\/index.php\/poster\/","url":"https:\/\/quantum-menorca-2026.upc.edu\/index.php\/poster\/","name":"Poster - XLI Trobades Cient\u00edfiques de la Mediterr\u00e0nia-Josep Miquel Vidal","isPartOf":{"@id":"https:\/\/quantum-menorca-2026.upc.edu\/#website"},"datePublished":"2019-02-28T14:28:22+00:00","dateModified":"2026-03-05T11:43:34+00:00","breadcrumb":{"@id":"https:\/\/quantum-menorca-2026.upc.edu\/index.php\/poster\/#breadcrumb"},"inLanguage":"en-GB","potentialAction":[{"@type":"ReadAction","target":["https:\/\/quantum-menorca-2026.upc.edu\/index.php\/poster\/"]}]},{"@type":"BreadcrumbList","@id":"https:\/\/quantum-menorca-2026.upc.edu\/index.php\/poster\/#breadcrumb","itemListElement":[{"@type":"ListItem","position":1,"name":"Portada","item":"https:\/\/quantum-menorca-2026.upc.edu\/"},{"@type":"ListItem","position":2,"name":"Poster"}]},{"@type":"WebSite","@id":"https:\/\/quantum-menorca-2026.upc.edu\/#website","url":"https:\/\/quantum-menorca-2026.upc.edu\/","name":"XLI Trobades Cient\u00edfiques de la Mediterr\u00e0nia-Josep Miquel Vidal","description":"10 - 12 June 2026 - Ma\u00f3 (Menorca, Spain)","potentialAction":[{"@type":"SearchAction","target":{"@type":"EntryPoint","urlTemplate":"https:\/\/quantum-menorca-2026.upc.edu\/?s={search_term_string}"},"query-input":{"@type":"PropertyValueSpecification","valueRequired":true,"valueName":"search_term_string"}}],"inLanguage":"en-GB"}]}},"_links":{"self":[{"href":"https:\/\/quantum-menorca-2026.upc.edu\/index.php\/wp-json\/wp\/v2\/pages\/162","targetHints":{"allow":["GET"]}}],"collection":[{"href":"https:\/\/quantum-menorca-2026.upc.edu\/index.php\/wp-json\/wp\/v2\/pages"}],"about":[{"href":"https:\/\/quantum-menorca-2026.upc.edu\/index.php\/wp-json\/wp\/v2\/types\/page"}],"author":[{"embeddable":true,"href":"https:\/\/quantum-menorca-2026.upc.edu\/index.php\/wp-json\/wp\/v2\/users\/2"}],"replies":[{"embeddable":true,"href":"https:\/\/quantum-menorca-2026.upc.edu\/index.php\/wp-json\/wp\/v2\/comments?post=162"}],"version-history":[{"count":10,"href":"https:\/\/quantum-menorca-2026.upc.edu\/index.php\/wp-json\/wp\/v2\/pages\/162\/revisions"}],"predecessor-version":[{"id":4213,"href":"https:\/\/quantum-menorca-2026.upc.edu\/index.php\/wp-json\/wp\/v2\/pages\/162\/revisions\/4213"}],"wp:attachment":[{"href":"https:\/\/quantum-menorca-2026.upc.edu\/index.php\/wp-json\/wp\/v2\/media?parent=162"}],"curies":[{"name":"wp","href":"https:\/\/api.w.org\/{rel}","templated":true}]}}