{"id":13,"date":"2019-01-28T21:48:05","date_gmt":"2019-01-28T21:48:05","guid":{"rendered":"http:\/\/147.83.54.19\/users\/pietro\/Quantum_Menorca_2019\/?page_id=13"},"modified":"2026-01-30T11:40:54","modified_gmt":"2026-01-30T11:40:54","slug":"venue","status":"publish","type":"page","link":"https:\/\/quantum-menorca-2026.upc.edu\/index.php\/venue\/","title":{"rendered":"Venue"},"content":{"rendered":"\n<p>The conference will take place at the\u00a0<a href=\"http:\/\/www.ime.cat\/\">Institut Menorqu\u00ed d\u2019Estudis<\/a>\u00a0in Mah\u00f3n (or Ma\u00f3, in Catalan), the capital city of Menorca, which is home to stunningly beautiful nature.<\/p>\n\n\n\n<figure class=\"wp-block-image size-large\"><img loading=\"lazy\" decoding=\"async\" width=\"1024\" height=\"685\" src=\"https:\/\/quantum-menorca-2026.upc.edu\/wp-content\/uploads\/2026\/01\/ime-1024x685.png\" alt=\"\" class=\"wp-image-4146\" srcset=\"https:\/\/quantum-menorca-2026.upc.edu\/wp-content\/uploads\/2026\/01\/ime-1024x685.png 1024w, https:\/\/quantum-menorca-2026.upc.edu\/wp-content\/uploads\/2026\/01\/ime-300x201.png 300w, https:\/\/quantum-menorca-2026.upc.edu\/wp-content\/uploads\/2026\/01\/ime-768x514.png 768w, https:\/\/quantum-menorca-2026.upc.edu\/wp-content\/uploads\/2026\/01\/ime-1200x803.png 1200w, https:\/\/quantum-menorca-2026.upc.edu\/wp-content\/uploads\/2026\/01\/ime.png 1360w\" sizes=\"auto, (max-width: 1024px) 100vw, 1024px\" \/><figcaption class=\"wp-element-caption\">Interior of the Institut Menorqu\u00ed d\u2019Estudis<\/figcaption><\/figure>\n\n\n\n<figure class=\"wp-block-image size-large\"><img loading=\"lazy\" decoding=\"async\" width=\"1024\" height=\"576\" src=\"https:\/\/quantum-menorca-2026.upc.edu\/wp-content\/uploads\/2026\/01\/PXL_20251016_151436033.MP1_-1024x576.jpg\" alt=\"\" class=\"wp-image-4107\" srcset=\"https:\/\/quantum-menorca-2026.upc.edu\/wp-content\/uploads\/2026\/01\/PXL_20251016_151436033.MP1_-1024x576.jpg 1024w, https:\/\/quantum-menorca-2026.upc.edu\/wp-content\/uploads\/2026\/01\/PXL_20251016_151436033.MP1_-300x169.jpg 300w, https:\/\/quantum-menorca-2026.upc.edu\/wp-content\/uploads\/2026\/01\/PXL_20251016_151436033.MP1_-768x432.jpg 768w, https:\/\/quantum-menorca-2026.upc.edu\/wp-content\/uploads\/2026\/01\/PXL_20251016_151436033.MP1_-1536x864.jpg 1536w, https:\/\/quantum-menorca-2026.upc.edu\/wp-content\/uploads\/2026\/01\/PXL_20251016_151436033.MP1_-2048x1152.jpg 2048w, https:\/\/quantum-menorca-2026.upc.edu\/wp-content\/uploads\/2026\/01\/PXL_20251016_151436033.MP1_-1200x675.jpg 1200w, https:\/\/quantum-menorca-2026.upc.edu\/wp-content\/uploads\/2026\/01\/PXL_20251016_151436033.MP1_-1980x1114.jpg 1980w\" sizes=\"auto, (max-width: 1024px) 100vw, 1024px\" \/><figcaption class=\"wp-element-caption\">Parc Natural de s&#8217;Albufera des Grau<\/figcaption><\/figure>\n\n\n\n<figure class=\"wp-block-image size-large\"><img loading=\"lazy\" decoding=\"async\" width=\"1024\" height=\"576\" src=\"https:\/\/quantum-menorca-2026.upc.edu\/wp-content\/uploads\/2026\/01\/PXL_20251017_165112515.LONG_EXPOSURE1-1024x576.jpg\" alt=\"\" class=\"wp-image-4106\" srcset=\"https:\/\/quantum-menorca-2026.upc.edu\/wp-content\/uploads\/2026\/01\/PXL_20251017_165112515.LONG_EXPOSURE1-1024x576.jpg 1024w, https:\/\/quantum-menorca-2026.upc.edu\/wp-content\/uploads\/2026\/01\/PXL_20251017_165112515.LONG_EXPOSURE1-300x169.jpg 300w, https:\/\/quantum-menorca-2026.upc.edu\/wp-content\/uploads\/2026\/01\/PXL_20251017_165112515.LONG_EXPOSURE1-768x432.jpg 768w, https:\/\/quantum-menorca-2026.upc.edu\/wp-content\/uploads\/2026\/01\/PXL_20251017_165112515.LONG_EXPOSURE1-1536x864.jpg 1536w, https:\/\/quantum-menorca-2026.upc.edu\/wp-content\/uploads\/2026\/01\/PXL_20251017_165112515.LONG_EXPOSURE1-2048x1152.jpg 2048w, https:\/\/quantum-menorca-2026.upc.edu\/wp-content\/uploads\/2026\/01\/PXL_20251017_165112515.LONG_EXPOSURE1-1200x675.jpg 1200w, https:\/\/quantum-menorca-2026.upc.edu\/wp-content\/uploads\/2026\/01\/PXL_20251017_165112515.LONG_EXPOSURE1-1980x1114.jpg 1980w\" sizes=\"auto, (max-width: 1024px) 100vw, 1024px\" \/><figcaption class=\"wp-element-caption\">Poblat Talai\u00f2tic de Trepuc\u00f3<\/figcaption><\/figure>\n\n\n\n<h2 class=\"wp-block-heading\">How to reach Mah\u00f3n<\/h2>\n\n\n\n<p>Menorca is an island located at a stone\u2019s throw from Barcelona. <\/p>\n\n\n\n<p>The simplest way to reach Menorca is by plane. The airline <a href=\"http:\/\/www.vueling.com\">Vueling<\/a> runs more than 10 direct flights per day between Barcelona (BCN) and Mah\u00f3n (MAH), with a flight time of less than one hour. During the summer season, many other companies run direct flights from different European cities. Detailed flight schedules may be found on usual search engines (e.g., <a href=\"http:\/\/www.skyscanner.com\">SkyScanner<\/a> or <a href=\"http:\/\/www.kayak.com\">Kayak<\/a>).<\/p>\n\n\n\n<p>The airport of Mah\u00f3n is only 5 km away from the city. The distance may be easily covered by a quick taxi ride.<\/p>\n\n\n\n<p>It is also possible to reach Mah\u00f3n by ferry. The overnight cruise from Barcelona takes approximately 7 hours.<\/p>\n\n\n\n<h2 class=\"wp-block-heading\">Address of the conference venue<br><\/h2>\n\n\n\n<p>Institut Menorqu\u00ed d\u2019Estudis<br>Cam\u00ed des Castell, 28<br>07702 Ma\u00f3 (Illes Balears)<br>Tel. (+34) 971 351500<br><\/p>\n\n\n\n<iframe loading=\"lazy\" src=\"https:\/\/www.google.com\/maps\/d\/embed?mid=1ZpUNc0bRF9KLAdqL7LN4Ynlai-s_OdHO&amp;z=10\" width=\"640\" height=\"480\"><\/iframe>\n\n\n\n<h2 class=\"wp-block-heading\"><\/h2>\n\n\n\n<figure class=\"wp-block-image\"><img decoding=\"async\" src=\"\/wp-content\/uploads\/2019\/02\/GalImg2729-890x1024.jpg\" alt=\"\" class=\"wp-image-76\"><\/figure>\n\n\n\n<figure class=\"wp-block-image\"><img decoding=\"async\" src=\"\/wp-content\/uploads\/2019\/02\/GalImg2737-1024x681.jpg\" alt=\"\" class=\"wp-image-77\"><\/figure>\n\n\n\n<figure class=\"wp-block-image\"><img decoding=\"async\" src=\"https:\/\/quantum-menorca-2019\/wp-content\/uploads\/2019\/02\/DSC000311-1024x680.jpg\" alt=\"\" class=\"wp-image-78\"><\/figure>\n\n\n\n<figure class=\"wp-block-image\"><img decoding=\"async\" src=\"http:\/\/147.83.54.19\/users\/pietro\/Quantum_Menorca_2019\/wp-content\/uploads\/2019\/02\/GalImg2727-1024x681.jpg\" alt=\"\" class=\"wp-image-79\"\/><\/figure>\n\n\n\n<figure class=\"wp-block-image\"><img decoding=\"async\" src=\"http:\/\/147.83.54.19\/users\/pietro\/Quantum_Menorca_2019\/wp-content\/uploads\/2019\/02\/GalImg2734-1024x681.jpg\" alt=\"\" class=\"wp-image-80\"\/><\/figure>\n\n\n\n<figure class=\"wp-block-image\"><img decoding=\"async\" src=\"http:\/\/147.83.54.19\/users\/pietro\/Quantum_Menorca_2019\/wp-content\/uploads\/2019\/02\/DSC00013-1024x768.jpg\" alt=\"\" class=\"wp-image-81\"\/><\/figure>\n\n\n\n<figure class=\"wp-block-image\"><img decoding=\"async\" src=\"http:\/\/147.83.54.19\/users\/pietro\/Quantum_Menorca_2019\/wp-content\/uploads\/2019\/02\/GalImg2726-1-1024x681.jpg\" alt=\"\" class=\"wp-image-82\"\/><\/figure>\n\n\n\n<figure class=\"wp-block-image\"><img decoding=\"async\" src=\"http:\/\/147.83.54.19\/users\/pietro\/Quantum_Menorca_2019\/wp-content\/uploads\/2019\/02\/DSC00005-1024x768.jpg\" alt=\"\" class=\"wp-image-83\"\/><\/figure>\n\n\n\n<figure class=\"wp-block-image\"><img decoding=\"async\" src=\"http:\/\/147.83.54.19\/users\/pietro\/Quantum_Menorca_2019\/wp-content\/uploads\/2019\/02\/DSC05381-768x1024.jpg\" alt=\"\" class=\"wp-image-84\"\/><\/figure>\n\n\n\n<figure class=\"wp-block-image\"><img decoding=\"async\" src=\"http:\/\/147.83.54.19\/users\/pietro\/Quantum_Menorca_2019\/wp-content\/uploads\/2019\/02\/DSC00010-1024x680.jpg\" alt=\"\" class=\"wp-image-86\"\/><\/figure>\n\n\n\n<figure class=\"wp-block-image\"><img decoding=\"async\" src=\"http:\/\/147.83.54.19\/users\/pietro\/Quantum_Menorca_2019\/wp-content\/uploads\/2019\/02\/20130113_115739.resized-1024x768.jpg\" alt=\"\" class=\"wp-image-88\"\/><\/figure>\n\n\n\n<figure class=\"wp-block-image\"><img decoding=\"async\" src=\"http:\/\/147.83.54.19\/users\/pietro\/Quantum_Menorca_2019\/wp-content\/uploads\/2019\/02\/DSC02019.resized-1024x768.jpg\" alt=\"\" class=\"wp-image-89\"\/><\/figure>\n\n\n\n<figure class=\"wp-block-image\"><img decoding=\"async\" src=\"http:\/\/147.83.54.19\/users\/pietro\/Quantum_Menorca_2019\/wp-content\/uploads\/2019\/02\/Far-illa-de-lAire-2009-1024x768.jpg\" alt=\"\" class=\"wp-image-75\"\/><\/figure>\n","protected":false},"excerpt":{"rendered":"<p>The conference will take place at the\u00a0Institut Menorqu\u00ed d\u2019Estudis\u00a0in Mah\u00f3n (or Ma\u00f3, in Catalan), the capital city of Menorca, which is home to stunningly beautiful nature. How to reach Mah\u00f3n Menorca is an island located at a stone\u2019s throw from Barcelona. The simplest way to reach Menorca is by plane. The airline Vueling runs more [&hellip;]<\/p>\n","protected":false},"author":2,"featured_media":0,"parent":0,"menu_order":0,"comment_status":"closed","ping_status":"closed","template":"","meta":{"footnotes":""},"class_list":["post-13","page","type-page","status-publish","hentry"],"yoast_head":"<!-- This site is optimized with the Yoast SEO plugin v26.9 - https:\/\/yoast.com\/product\/yoast-seo-wordpress\/ -->\n<title>Venue - XLI Trobades Cient\u00edfiques de la Mediterr\u00e0nia-Josep Miquel Vidal<\/title>\n<meta name=\"robots\" content=\"index, follow, max-snippet:-1, max-image-preview:large, max-video-preview:-1\" \/>\n<link rel=\"canonical\" href=\"https:\/\/quantum-menorca-2026.upc.edu\/index.php\/venue\/\" \/>\n<meta property=\"og:locale\" content=\"en_GB\" \/>\n<meta property=\"og:type\" content=\"article\" \/>\n<meta property=\"og:title\" content=\"Venue - XLI Trobades Cient\u00edfiques de la Mediterr\u00e0nia-Josep Miquel Vidal\" \/>\n<meta property=\"og:description\" content=\"The conference will take place at the\u00a0Institut Menorqu\u00ed d\u2019Estudis\u00a0in Mah\u00f3n (or Ma\u00f3, in Catalan), the capital city of Menorca, which is home to stunningly beautiful nature. How to reach Mah\u00f3n Menorca is an island located at a stone\u2019s throw from Barcelona. The simplest way to reach Menorca is by plane. The airline Vueling runs more [&hellip;]\" \/>\n<meta property=\"og:url\" content=\"https:\/\/quantum-menorca-2026.upc.edu\/index.php\/venue\/\" \/>\n<meta property=\"og:site_name\" content=\"XLI Trobades Cient\u00edfiques de la Mediterr\u00e0nia-Josep Miquel Vidal\" \/>\n<meta property=\"article:modified_time\" content=\"2026-01-30T11:40:54+00:00\" \/>\n<meta property=\"og:image\" content=\"https:\/\/quantum-menorca-2026.upc.edu\/wp-content\/uploads\/2026\/01\/ime.png\" \/>\n\t<meta property=\"og:image:width\" content=\"1360\" \/>\n\t<meta property=\"og:image:height\" content=\"910\" \/>\n\t<meta property=\"og:image:type\" content=\"image\/png\" \/>\n<meta name=\"twitter:card\" content=\"summary_large_image\" \/>\n<meta name=\"twitter:label1\" content=\"Estimated reading time\" \/>\n\t<meta name=\"twitter:data1\" content=\"5 minutes\" \/>\n<script type=\"application\/ld+json\" class=\"yoast-schema-graph\">{\"@context\":\"https:\/\/schema.org\",\"@graph\":[{\"@type\":\"WebPage\",\"@id\":\"https:\/\/quantum-menorca-2026.upc.edu\/index.php\/venue\/\",\"url\":\"https:\/\/quantum-menorca-2026.upc.edu\/index.php\/venue\/\",\"name\":\"Venue - XLI Trobades Cient\u00edfiques de la Mediterr\u00e0nia-Josep Miquel Vidal\",\"isPartOf\":{\"@id\":\"https:\/\/quantum-menorca-2026.upc.edu\/#website\"},\"primaryImageOfPage\":{\"@id\":\"https:\/\/quantum-menorca-2026.upc.edu\/index.php\/venue\/#primaryimage\"},\"image\":{\"@id\":\"https:\/\/quantum-menorca-2026.upc.edu\/index.php\/venue\/#primaryimage\"},\"thumbnailUrl\":\"https:\/\/quantum-menorca-2026.upc.edu\/wp-content\/uploads\/2026\/01\/ime-1024x685.png\",\"datePublished\":\"2019-01-28T21:48:05+00:00\",\"dateModified\":\"2026-01-30T11:40:54+00:00\",\"breadcrumb\":{\"@id\":\"https:\/\/quantum-menorca-2026.upc.edu\/index.php\/venue\/#breadcrumb\"},\"inLanguage\":\"en-GB\",\"potentialAction\":[{\"@type\":\"ReadAction\",\"target\":[\"https:\/\/quantum-menorca-2026.upc.edu\/index.php\/venue\/\"]}]},{\"@type\":\"ImageObject\",\"inLanguage\":\"en-GB\",\"@id\":\"https:\/\/quantum-menorca-2026.upc.edu\/index.php\/venue\/#primaryimage\",\"url\":\"https:\/\/quantum-menorca-2026.upc.edu\/wp-content\/uploads\/2026\/01\/ime.png\",\"contentUrl\":\"https:\/\/quantum-menorca-2026.upc.edu\/wp-content\/uploads\/2026\/01\/ime.png\",\"width\":1360,\"height\":910},{\"@type\":\"BreadcrumbList\",\"@id\":\"https:\/\/quantum-menorca-2026.upc.edu\/index.php\/venue\/#breadcrumb\",\"itemListElement\":[{\"@type\":\"ListItem\",\"position\":1,\"name\":\"Portada\",\"item\":\"https:\/\/quantum-menorca-2026.upc.edu\/\"},{\"@type\":\"ListItem\",\"position\":2,\"name\":\"Venue\"}]},{\"@type\":\"WebSite\",\"@id\":\"https:\/\/quantum-menorca-2026.upc.edu\/#website\",\"url\":\"https:\/\/quantum-menorca-2026.upc.edu\/\",\"name\":\"XLI Trobades Cient\u00edfiques de la Mediterr\u00e0nia-Josep Miquel Vidal\",\"description\":\"10 - 12 June 2026 - Ma\u00f3 (Menorca, Spain)\",\"potentialAction\":[{\"@type\":\"SearchAction\",\"target\":{\"@type\":\"EntryPoint\",\"urlTemplate\":\"https:\/\/quantum-menorca-2026.upc.edu\/?s={search_term_string}\"},\"query-input\":{\"@type\":\"PropertyValueSpecification\",\"valueRequired\":true,\"valueName\":\"search_term_string\"}}],\"inLanguage\":\"en-GB\"}]}<\/script>\n<!-- \/ Yoast SEO plugin. -->","yoast_head_json":{"title":"Venue - XLI Trobades Cient\u00edfiques de la Mediterr\u00e0nia-Josep Miquel Vidal","robots":{"index":"index","follow":"follow","max-snippet":"max-snippet:-1","max-image-preview":"max-image-preview:large","max-video-preview":"max-video-preview:-1"},"canonical":"https:\/\/quantum-menorca-2026.upc.edu\/index.php\/venue\/","og_locale":"en_GB","og_type":"article","og_title":"Venue - XLI Trobades Cient\u00edfiques de la Mediterr\u00e0nia-Josep Miquel Vidal","og_description":"The conference will take place at the\u00a0Institut Menorqu\u00ed d\u2019Estudis\u00a0in Mah\u00f3n (or Ma\u00f3, in Catalan), the capital city of Menorca, which is home to stunningly beautiful nature. How to reach Mah\u00f3n Menorca is an island located at a stone\u2019s throw from Barcelona. The simplest way to reach Menorca is by plane. The airline Vueling runs more [&hellip;]","og_url":"https:\/\/quantum-menorca-2026.upc.edu\/index.php\/venue\/","og_site_name":"XLI Trobades Cient\u00edfiques de la Mediterr\u00e0nia-Josep Miquel Vidal","article_modified_time":"2026-01-30T11:40:54+00:00","og_image":[{"width":1360,"height":910,"url":"https:\/\/quantum-menorca-2026.upc.edu\/wp-content\/uploads\/2026\/01\/ime.png","type":"image\/png"}],"twitter_card":"summary_large_image","twitter_misc":{"Estimated reading time":"5 minutes"},"schema":{"@context":"https:\/\/schema.org","@graph":[{"@type":"WebPage","@id":"https:\/\/quantum-menorca-2026.upc.edu\/index.php\/venue\/","url":"https:\/\/quantum-menorca-2026.upc.edu\/index.php\/venue\/","name":"Venue - XLI Trobades Cient\u00edfiques de la Mediterr\u00e0nia-Josep Miquel Vidal","isPartOf":{"@id":"https:\/\/quantum-menorca-2026.upc.edu\/#website"},"primaryImageOfPage":{"@id":"https:\/\/quantum-menorca-2026.upc.edu\/index.php\/venue\/#primaryimage"},"image":{"@id":"https:\/\/quantum-menorca-2026.upc.edu\/index.php\/venue\/#primaryimage"},"thumbnailUrl":"https:\/\/quantum-menorca-2026.upc.edu\/wp-content\/uploads\/2026\/01\/ime-1024x685.png","datePublished":"2019-01-28T21:48:05+00:00","dateModified":"2026-01-30T11:40:54+00:00","breadcrumb":{"@id":"https:\/\/quantum-menorca-2026.upc.edu\/index.php\/venue\/#breadcrumb"},"inLanguage":"en-GB","potentialAction":[{"@type":"ReadAction","target":["https:\/\/quantum-menorca-2026.upc.edu\/index.php\/venue\/"]}]},{"@type":"ImageObject","inLanguage":"en-GB","@id":"https:\/\/quantum-menorca-2026.upc.edu\/index.php\/venue\/#primaryimage","url":"https:\/\/quantum-menorca-2026.upc.edu\/wp-content\/uploads\/2026\/01\/ime.png","contentUrl":"https:\/\/quantum-menorca-2026.upc.edu\/wp-content\/uploads\/2026\/01\/ime.png","width":1360,"height":910},{"@type":"BreadcrumbList","@id":"https:\/\/quantum-menorca-2026.upc.edu\/index.php\/venue\/#breadcrumb","itemListElement":[{"@type":"ListItem","position":1,"name":"Portada","item":"https:\/\/quantum-menorca-2026.upc.edu\/"},{"@type":"ListItem","position":2,"name":"Venue"}]},{"@type":"WebSite","@id":"https:\/\/quantum-menorca-2026.upc.edu\/#website","url":"https:\/\/quantum-menorca-2026.upc.edu\/","name":"XLI Trobades Cient\u00edfiques de la Mediterr\u00e0nia-Josep Miquel Vidal","description":"10 - 12 June 2026 - Ma\u00f3 (Menorca, Spain)","potentialAction":[{"@type":"SearchAction","target":{"@type":"EntryPoint","urlTemplate":"https:\/\/quantum-menorca-2026.upc.edu\/?s={search_term_string}"},"query-input":{"@type":"PropertyValueSpecification","valueRequired":true,"valueName":"search_term_string"}}],"inLanguage":"en-GB"}]}},"_links":{"self":[{"href":"https:\/\/quantum-menorca-2026.upc.edu\/index.php\/wp-json\/wp\/v2\/pages\/13","targetHints":{"allow":["GET"]}}],"collection":[{"href":"https:\/\/quantum-menorca-2026.upc.edu\/index.php\/wp-json\/wp\/v2\/pages"}],"about":[{"href":"https:\/\/quantum-menorca-2026.upc.edu\/index.php\/wp-json\/wp\/v2\/types\/page"}],"author":[{"embeddable":true,"href":"https:\/\/quantum-menorca-2026.upc.edu\/index.php\/wp-json\/wp\/v2\/users\/2"}],"replies":[{"embeddable":true,"href":"https:\/\/quantum-menorca-2026.upc.edu\/index.php\/wp-json\/wp\/v2\/comments?post=13"}],"version-history":[{"count":6,"href":"https:\/\/quantum-menorca-2026.upc.edu\/index.php\/wp-json\/wp\/v2\/pages\/13\/revisions"}],"predecessor-version":[{"id":4182,"href":"https:\/\/quantum-menorca-2026.upc.edu\/index.php\/wp-json\/wp\/v2\/pages\/13\/revisions\/4182"}],"wp:attachment":[{"href":"https:\/\/quantum-menorca-2026.upc.edu\/index.php\/wp-json\/wp\/v2\/media?parent=13"}],"curies":[{"name":"wp","href":"https:\/\/api.w.org\/{rel}","templated":true}]}}