{"id":116,"date":"2019-02-14T13:07:06","date_gmt":"2019-02-14T12:07:06","guid":{"rendered":"http:\/\/147.83.54.19\/users\/pietro\/Quantum_Menorca_2019\/?page_id=116"},"modified":"2026-04-24T10:40:28","modified_gmt":"2026-04-24T10:40:28","slug":"application","status":"publish","type":"page","link":"https:\/\/quantum-menorca-2026.upc.edu\/index.php\/application\/","title":{"rendered":"Registration"},"content":{"rendered":"\n<p>Please apply by filling the form below.<\/p>\n\n\n\n<p>Deadline for application: <s>April 1st, 2026<\/s><\/p>\n\n\n\n<p><mark style=\"background-color:rgba(0, 0, 0, 0)\" class=\"has-inline-color has-accent-color\">Applications will be accepted on a rolling basis until maximal capacity is reached. Successive applications will be considered in case of cancellations.<\/mark><\/p>\n\n\n\n<p><\/p>\n\n\n\n<p>Registration fee: 200 euro<\/p>\n\n\n\n<p>The registration fee covers: <\/p>\n\n\n\n<ul class=\"wp-block-list\">\n<li>Costs of participation in the conference<\/li>\n\n\n\n<li>Coffee breaks and the welcome aperitif<\/li>\n\n\n\n<li>The conference excursion <\/li>\n\n\n\n<li>The conference dinner<\/li>\n<\/ul>\n\n\n\n<p>We may be able to provide financial assistance to students of institutions participating in the Catalan Quantum Academy. If you would like to receive financial assistance, please specify why in the Comments section below.<\/p>\n\n\n\n<p>All participants are expected to present a poster. A limited number of accepted contributions will be selected for short talks; please indicate your interest in a talk in the application.<\/p>\n\n\n\n<p>If you have any questions, you may contact us at <a href=\"mailto:QuantumMenorca2026@gmail.com\" type=\"mailto\" id=\"mailto:QuantumMenorca2026@gmail.com\">QuantumMenorca2026@gmail.com<\/a><\/p>\n\n\n\n<iframe loading=\"lazy\" src=\"https:\/\/docs.google.com\/forms\/d\/e\/1FAIpQLSf-LwfgUReid_4XnNwE-tu-UpVJciqvnOhEd9DD9drikcoSAA\/viewform?usp=publish-editor\" width=\"640\" height=\"2219\" frameborder=\"0\" marginheight=\"0\" marginwidth=\"0\">Caricamento in corso&#8230;<\/iframe>\n","protected":false},"excerpt":{"rendered":"<p>Please apply by filling the form below. Deadline for application: April 1st, 2026 Applications will be accepted on a rolling basis until maximal capacity is reached. Successive applications will be considered in case of cancellations. Registration fee: 200 euro The registration fee covers: We may be able to provide financial assistance to students of institutions [&hellip;]<\/p>\n","protected":false},"author":2,"featured_media":0,"parent":0,"menu_order":0,"comment_status":"closed","ping_status":"closed","template":"","meta":{"footnotes":""},"class_list":["post-116","page","type-page","status-publish","hentry"],"yoast_head":"<!-- This site is optimized with the Yoast SEO plugin v26.9 - https:\/\/yoast.com\/product\/yoast-seo-wordpress\/ -->\n<title>Registration - XLI Trobades Cient\u00edfiques de la Mediterr\u00e0nia-Josep Miquel Vidal<\/title>\n<meta name=\"robots\" content=\"index, follow, max-snippet:-1, max-image-preview:large, max-video-preview:-1\" \/>\n<link rel=\"canonical\" href=\"https:\/\/quantum-menorca-2026.upc.edu\/index.php\/application\/\" \/>\n<meta property=\"og:locale\" content=\"en_GB\" \/>\n<meta property=\"og:type\" content=\"article\" \/>\n<meta property=\"og:title\" content=\"Registration - XLI Trobades Cient\u00edfiques de la Mediterr\u00e0nia-Josep Miquel Vidal\" \/>\n<meta property=\"og:description\" content=\"Please apply by filling the form below. Deadline for application: April 1st, 2026 Applications will be accepted on a rolling basis until maximal capacity is reached. Successive applications will be considered in case of cancellations. Registration fee: 200 euro The registration fee covers: We may be able to provide financial assistance to students of institutions [&hellip;]\" \/>\n<meta property=\"og:url\" content=\"https:\/\/quantum-menorca-2026.upc.edu\/index.php\/application\/\" \/>\n<meta property=\"og:site_name\" content=\"XLI Trobades Cient\u00edfiques de la Mediterr\u00e0nia-Josep Miquel Vidal\" \/>\n<meta property=\"article:modified_time\" content=\"2026-04-24T10:40:28+00:00\" \/>\n<meta name=\"twitter:card\" content=\"summary_large_image\" \/>\n<meta name=\"twitter:label1\" content=\"Estimated reading time\" \/>\n\t<meta name=\"twitter:data1\" content=\"1 minute\" \/>\n<script type=\"application\/ld+json\" class=\"yoast-schema-graph\">{\"@context\":\"https:\/\/schema.org\",\"@graph\":[{\"@type\":\"WebPage\",\"@id\":\"https:\/\/quantum-menorca-2026.upc.edu\/index.php\/application\/\",\"url\":\"https:\/\/quantum-menorca-2026.upc.edu\/index.php\/application\/\",\"name\":\"Registration - XLI Trobades Cient\u00edfiques de la Mediterr\u00e0nia-Josep Miquel Vidal\",\"isPartOf\":{\"@id\":\"https:\/\/quantum-menorca-2026.upc.edu\/#website\"},\"datePublished\":\"2019-02-14T12:07:06+00:00\",\"dateModified\":\"2026-04-24T10:40:28+00:00\",\"breadcrumb\":{\"@id\":\"https:\/\/quantum-menorca-2026.upc.edu\/index.php\/application\/#breadcrumb\"},\"inLanguage\":\"en-GB\",\"potentialAction\":[{\"@type\":\"ReadAction\",\"target\":[\"https:\/\/quantum-menorca-2026.upc.edu\/index.php\/application\/\"]}]},{\"@type\":\"BreadcrumbList\",\"@id\":\"https:\/\/quantum-menorca-2026.upc.edu\/index.php\/application\/#breadcrumb\",\"itemListElement\":[{\"@type\":\"ListItem\",\"position\":1,\"name\":\"Portada\",\"item\":\"https:\/\/quantum-menorca-2026.upc.edu\/\"},{\"@type\":\"ListItem\",\"position\":2,\"name\":\"Registration\"}]},{\"@type\":\"WebSite\",\"@id\":\"https:\/\/quantum-menorca-2026.upc.edu\/#website\",\"url\":\"https:\/\/quantum-menorca-2026.upc.edu\/\",\"name\":\"XLI Trobades Cient\u00edfiques de la Mediterr\u00e0nia-Josep Miquel Vidal\",\"description\":\"10 - 12 June 2026 - Ma\u00f3 (Menorca, Spain)\",\"potentialAction\":[{\"@type\":\"SearchAction\",\"target\":{\"@type\":\"EntryPoint\",\"urlTemplate\":\"https:\/\/quantum-menorca-2026.upc.edu\/?s={search_term_string}\"},\"query-input\":{\"@type\":\"PropertyValueSpecification\",\"valueRequired\":true,\"valueName\":\"search_term_string\"}}],\"inLanguage\":\"en-GB\"}]}<\/script>\n<!-- \/ Yoast SEO plugin. -->","yoast_head_json":{"title":"Registration - XLI Trobades Cient\u00edfiques de la Mediterr\u00e0nia-Josep Miquel Vidal","robots":{"index":"index","follow":"follow","max-snippet":"max-snippet:-1","max-image-preview":"max-image-preview:large","max-video-preview":"max-video-preview:-1"},"canonical":"https:\/\/quantum-menorca-2026.upc.edu\/index.php\/application\/","og_locale":"en_GB","og_type":"article","og_title":"Registration - XLI Trobades Cient\u00edfiques de la Mediterr\u00e0nia-Josep Miquel Vidal","og_description":"Please apply by filling the form below. Deadline for application: April 1st, 2026 Applications will be accepted on a rolling basis until maximal capacity is reached. Successive applications will be considered in case of cancellations. Registration fee: 200 euro The registration fee covers: We may be able to provide financial assistance to students of institutions [&hellip;]","og_url":"https:\/\/quantum-menorca-2026.upc.edu\/index.php\/application\/","og_site_name":"XLI Trobades Cient\u00edfiques de la Mediterr\u00e0nia-Josep Miquel Vidal","article_modified_time":"2026-04-24T10:40:28+00:00","twitter_card":"summary_large_image","twitter_misc":{"Estimated reading time":"1 minute"},"schema":{"@context":"https:\/\/schema.org","@graph":[{"@type":"WebPage","@id":"https:\/\/quantum-menorca-2026.upc.edu\/index.php\/application\/","url":"https:\/\/quantum-menorca-2026.upc.edu\/index.php\/application\/","name":"Registration - XLI Trobades Cient\u00edfiques de la Mediterr\u00e0nia-Josep Miquel Vidal","isPartOf":{"@id":"https:\/\/quantum-menorca-2026.upc.edu\/#website"},"datePublished":"2019-02-14T12:07:06+00:00","dateModified":"2026-04-24T10:40:28+00:00","breadcrumb":{"@id":"https:\/\/quantum-menorca-2026.upc.edu\/index.php\/application\/#breadcrumb"},"inLanguage":"en-GB","potentialAction":[{"@type":"ReadAction","target":["https:\/\/quantum-menorca-2026.upc.edu\/index.php\/application\/"]}]},{"@type":"BreadcrumbList","@id":"https:\/\/quantum-menorca-2026.upc.edu\/index.php\/application\/#breadcrumb","itemListElement":[{"@type":"ListItem","position":1,"name":"Portada","item":"https:\/\/quantum-menorca-2026.upc.edu\/"},{"@type":"ListItem","position":2,"name":"Registration"}]},{"@type":"WebSite","@id":"https:\/\/quantum-menorca-2026.upc.edu\/#website","url":"https:\/\/quantum-menorca-2026.upc.edu\/","name":"XLI Trobades Cient\u00edfiques de la Mediterr\u00e0nia-Josep Miquel Vidal","description":"10 - 12 June 2026 - Ma\u00f3 (Menorca, Spain)","potentialAction":[{"@type":"SearchAction","target":{"@type":"EntryPoint","urlTemplate":"https:\/\/quantum-menorca-2026.upc.edu\/?s={search_term_string}"},"query-input":{"@type":"PropertyValueSpecification","valueRequired":true,"valueName":"search_term_string"}}],"inLanguage":"en-GB"}]}},"_links":{"self":[{"href":"https:\/\/quantum-menorca-2026.upc.edu\/index.php\/wp-json\/wp\/v2\/pages\/116","targetHints":{"allow":["GET"]}}],"collection":[{"href":"https:\/\/quantum-menorca-2026.upc.edu\/index.php\/wp-json\/wp\/v2\/pages"}],"about":[{"href":"https:\/\/quantum-menorca-2026.upc.edu\/index.php\/wp-json\/wp\/v2\/types\/page"}],"author":[{"embeddable":true,"href":"https:\/\/quantum-menorca-2026.upc.edu\/index.php\/wp-json\/wp\/v2\/users\/2"}],"replies":[{"embeddable":true,"href":"https:\/\/quantum-menorca-2026.upc.edu\/index.php\/wp-json\/wp\/v2\/comments?post=116"}],"version-history":[{"count":10,"href":"https:\/\/quantum-menorca-2026.upc.edu\/index.php\/wp-json\/wp\/v2\/pages\/116\/revisions"}],"predecessor-version":[{"id":4238,"href":"https:\/\/quantum-menorca-2026.upc.edu\/index.php\/wp-json\/wp\/v2\/pages\/116\/revisions\/4238"}],"wp:attachment":[{"href":"https:\/\/quantum-menorca-2026.upc.edu\/index.php\/wp-json\/wp\/v2\/media?parent=116"}],"curies":[{"name":"wp","href":"https:\/\/api.w.org\/{rel}","templated":true}]}}